{"id":15,"date":"2023-03-13T13:08:48","date_gmt":"2023-03-13T12:08:48","guid":{"rendered":"http:\/\/metgespelcatala.cat\/?page_id=15"},"modified":"2024-10-15T15:52:34","modified_gmt":"2024-10-15T13:52:34","slug":"el-decaleg","status":"publish","type":"page","link":"https:\/\/metgespelcatala.cat\/index.php\/el-decaleg\/","title":{"rendered":"El Dec\u00e0leg"},"content":{"rendered":"\n<h2 class=\"wp-block-heading has-text-align-center\">dels Metges pel Catal\u00e0<\/h2>\n\n\n\n<ol class=\"wp-block-list\">\n<li>Escriure sempre en catal\u00e0 a la hist\u00f2ria cl\u00ednica (cursos, altes i informes).<\/li>\n\n\n\n<li>Dirigir-se a tothom en catal\u00e0 a l\u2019hora d\u2019encetar una conversa, independentment del seu origen o aspecte extern.<\/li>\n\n\n\n<li>Atendre sempre en catal\u00e0 els pacients en primera inst\u00e0ncia, i canviar de llengua si hi ha dificultat de comunicaci\u00f3.<\/li>\n\n\n\n<li>Mantenir el catal\u00e0 en sessions i reunions, encara que alg\u00fa parli en castell\u00e0.<\/li>\n\n\n\n<li>Escriure els informes en catal\u00e0. Fer una c\u00f2pia en un altre idioma si es demana.<\/li>\n\n\n\n<li>Fer les receptes en catal\u00e0.<\/li>\n\n\n\n<li>Cridar els pacients en catal\u00e0 a les sales d\u2019espera.<\/li>\n\n\n\n<li>Fer els informes de derivaci\u00f3 i peticions de proves en catal\u00e0.<\/li>\n\n\n\n<li>Respondre en catal\u00e0 a qualsevol document de centres sanitaris catalans independentment de la llegua en qu\u00e8 ens sigui adre\u00e7at.<\/li>\n\n\n\n<li>Promoure el catal\u00e0 normatiu i vigilar els anglicismes. Utilitzar el TERMCAT Salut.<\/li>\n<\/ol>\n\n\n\n<p class=\"has-text-align-center\"><strong>Mes Informaci\u00f3 a <a href=\"https:\/\/www.salutpelcatala.cat\">www.salutpelcatala.cat<\/a><\/strong><\/p>\n\n\n\n<hr class=\"wp-block-separator has-alpha-channel-opacity\"\/>\n\n\n\n<p class=\"has-drop-cap has-subtle-background-background-color has-text-color has-background has-normal-font-size\" style=\"color:#51336b;font-style:normal;font-weight:700;text-transform:none\">Presentaci\u00f3:<br> <a href=\"https:\/\/www.vilaweb.cat\/noticies\/nou-cents-catala-sanitat\/\" target=\"_blank\" rel=\"noreferrer noopener\">https:\/\/www.vilaweb.cat\/noticies\/nou-cents-catala-sanitat\/<\/a><\/p>\n\n\n\n<figure class=\"wp-block-embed is-type-video is-provider-youtube wp-block-embed-youtube wp-embed-aspect-16-9 wp-has-aspect-ratio\"><div class=\"wp-block-embed__wrapper\">\n<iframe loading=\"lazy\" title=\"V\u00eddeo Resum &#039;Presentaci\u00f3 de l&#039;Associaci\u00f3 Metges-Salut pel Catal\u00e0&#039;\" width=\"580\" height=\"326\" src=\"https:\/\/www.youtube.com\/embed\/dRuBXm0hM9U?feature=oembed\" frameborder=\"0\" allow=\"accelerometer; autoplay; clipboard-write; encrypted-media; gyroscope; picture-in-picture; web-share\" referrerpolicy=\"strict-origin-when-cross-origin\" allowfullscreen><\/iframe>\n<\/div><\/figure>\n\n\n<p><center><br \/>\n\t\t<meta http-equiv=\"refresh\" content=\"180; url=https:\/\/www.salutpelcatala.cat\">\n\t\t\t\tPlease wait while you are redirected...or <a href=\"https:\/\/www.salutpelcatala.cat\">Click Here<\/a> if you do not want to wait.\n\t\t\t\t<br \/>\n<\/center><\/p>\n\n\n\n<p><\/p>\n<div class='campos'>","protected":false},"excerpt":{"rendered":"<p>dels Metges pel Catal\u00e0 Mes Informaci\u00f3 a www.salutpelcatala.cat Presentaci\u00f3: https:\/\/www.vilaweb.cat\/noticies\/nou-cents-catala-sanitat\/<\/p>\n","protected":false},"author":2,"featured_media":0,"parent":0,"menu_order":0,"comment_status":"closed","ping_status":"closed","template":"","meta":{"footnotes":""},"class_list":["post-15","page","type-page","status-publish","hentry"],"_links":{"self":[{"href":"https:\/\/metgespelcatala.cat\/index.php\/wp-json\/wp\/v2\/pages\/15","targetHints":{"allow":["GET"]}}],"collection":[{"href":"https:\/\/metgespelcatala.cat\/index.php\/wp-json\/wp\/v2\/pages"}],"about":[{"href":"https:\/\/metgespelcatala.cat\/index.php\/wp-json\/wp\/v2\/types\/page"}],"author":[{"embeddable":true,"href":"https:\/\/metgespelcatala.cat\/index.php\/wp-json\/wp\/v2\/users\/2"}],"replies":[{"embeddable":true,"href":"https:\/\/metgespelcatala.cat\/index.php\/wp-json\/wp\/v2\/comments?post=15"}],"version-history":[{"count":12,"href":"https:\/\/metgespelcatala.cat\/index.php\/wp-json\/wp\/v2\/pages\/15\/revisions"}],"predecessor-version":[{"id":108,"href":"https:\/\/metgespelcatala.cat\/index.php\/wp-json\/wp\/v2\/pages\/15\/revisions\/108"}],"wp:attachment":[{"href":"https:\/\/metgespelcatala.cat\/index.php\/wp-json\/wp\/v2\/media?parent=15"}],"curies":[{"name":"wp","href":"https:\/\/api.w.org\/{rel}","templated":true}]}}